{"id":1368,"date":"2024-01-31T18:28:27","date_gmt":"2024-01-31T17:28:27","guid":{"rendered":"https:\/\/svl-volleys.de\/?page_id=1368"},"modified":"2025-12-10T16:53:03","modified_gmt":"2025-12-10T15:53:03","slug":"protokoll","status":"publish","type":"page","link":"https:\/\/svl-volleys.de\/?page_id=1368","title":{"rendered":"Protokolle"},"content":{"rendered":"\n<p>Demn\u00e4chst Protokoll Dezember 2025<\/p>\n\n\n\n<p><\/p>\n\n\n\n<p><strong>Protokoll 2024<\/strong><\/p>\n\n\n\n<p><\/p>\n\n\n\n<p>Infos f\u00fcr die Volleyballabteilung des Seglerverein Leer vom 10.06.2024<\/p>\n\n\n\n<p><strong>Protokoll des Meetings vom 30.01.2024 in &#8222;Sch\u00f6ne Aussichten&#8220; in Leer<\/strong><\/p>\n\n\n\n<p>Hier die einzelnen Points, die vorgetragen und teilweise diskutiert wurden(keine Rangfolge):<\/p>\n\n\n\n<p><\/p>\n\n\n\n<ul class=\"wp-block-list\">\n<li>  um die Kommunikation zwischen den Spielern zu verbessern wurde ein monatliches Treffen im Wechsel zwischen Dienstag und Mittwoch und Donnerstagvorgeschlagen (das w\u00e4re bis zu den Sommerferien Di. 13.Feb.; Do. 07.M\u00e4rz; Mittw.10.April;  Di.07.Mai; Do.06.Juni. (grunds\u00e4tzliche Abweichungen m\u00f6glich)\n<ul class=\"wp-block-list\">\n<li>f\u00fcr sportliche oder sonstige Aktivit\u00e4ten und unsere Events sind pro Person 2,50 Euro pro Monat in unsere Kasse einzuzahlen; Wolfgang, u.a. als Kassenwart, nimmt das Geld entgegen (ausgenommen sind Sch\u00fcler)\n<ul class=\"wp-block-list\">\n<li>als Events sind nach den Sommerferien in Planung:&#8220; Boot and Bike&#8220; und &#8222;Groningen mal wieder anders&#8220;;  Anregungen und Vorschl\u00e4ge werden jederzeit gerne entgegen genommen\n<ul class=\"wp-block-list\">\n<li><em>Volleyballtraining:<\/em> man muss den neuen Volleyballmitspielern auch `ne gute Chance des Erlernens geben, es dauert auch eben seine Zeit; dabei sind Belobigungen eine gute Hilfestellung<\/li>\n\n\n\n<li>u.a. ist auch eine p\u00fcnktliche Anwesenheit aller Spieler wichtig<\/li>\n\n\n\n<li>um die Volleyballtechnik und das Stellungsspiel (u.a. auch verletzungsfrei) zu gestalten, sind m\u00f6glichst viele Spiele in 6erGruppen w\u00fcnschenswert; bei abweichender Spielerzahl kann auch nebenher in Kleingruppen trainiert (gespielt) werden<\/li>\n\n\n\n<li>wichtig ist, dass (auch w\u00e4hrend des Spiels) eine Korrektur mit Verbesseungsvorschl\u00e4gen durch kompetente Personen stattfindet<\/li>\n\n\n\n<li>montags Volleyballtraining ( d.h. Aufw\u00e4rmen und Volleyballgrund\u00fcbungen) k\u00f6nnen auch abwechselungsweise von Mitspielern \u00fcbernommen werden<\/li>\n\n\n\n<li>Ziel sollte es sein, das Volleballspiel und das gemeinschaftliche Erleben zu verbessern, damit (wie schon in einigen F\u00e4llen geschehen) nicht unterforderte Spieler die Location wechseln<\/li>\n<\/ul>\n<\/li>\n<\/ul>\n<\/li>\n<\/ul>\n<\/li>\n<\/ul>\n\n\n\n<ol class=\"wp-block-list\">\n<li>Anmerkung von mir:  ich finde es jammerschade, dass Spieler aus Krankheits-  oder sonstigen Gr\u00fcnden f\u00fcr eine gewisse Zeit pausieren m\u00fcssen, und wir vermissen sie auch, aber ihr eigenes Gesundheitsinteresse ist wichtiger und gew\u00e4hrleistet auch f\u00fcr die anderen Spieler ein besseres Gef\u00fchl.<\/li>\n<\/ol>\n\n\n\n<p>Protolollant:  Hans Moeck<\/p>\n\n\n\n<p><\/p>\n","protected":false},"excerpt":{"rendered":"<p>Demn\u00e4chst Protokoll Dezember 2025 Protokoll 2024 Infos f\u00fcr die Volleyballabteilung des Seglerverein Leer vom 10.06.2024 Protokoll des Meetings vom 30.01.2024 in &#8222;Sch\u00f6ne Aussichten&#8220; in Leer Hier die einzelnen Points, die vorgetragen und teilweise diskutiert wurden(keine Rangfolge): Protolollant: Hans Moeck<\/p>\n","protected":false},"author":2,"featured_media":0,"parent":0,"menu_order":0,"comment_status":"closed","ping_status":"closed","template":"","meta":{"ngg_post_thumbnail":0,"footnotes":""},"class_list":["post-1368","page","type-page","status-publish","hentry"],"_links":{"self":[{"href":"https:\/\/svl-volleys.de\/index.php?rest_route=\/wp\/v2\/pages\/1368","targetHints":{"allow":["GET"]}}],"collection":[{"href":"https:\/\/svl-volleys.de\/index.php?rest_route=\/wp\/v2\/pages"}],"about":[{"href":"https:\/\/svl-volleys.de\/index.php?rest_route=\/wp\/v2\/types\/page"}],"author":[{"embeddable":true,"href":"https:\/\/svl-volleys.de\/index.php?rest_route=\/wp\/v2\/users\/2"}],"replies":[{"embeddable":true,"href":"https:\/\/svl-volleys.de\/index.php?rest_route=%2Fwp%2Fv2%2Fcomments&post=1368"}],"version-history":[{"count":10,"href":"https:\/\/svl-volleys.de\/index.php?rest_route=\/wp\/v2\/pages\/1368\/revisions"}],"predecessor-version":[{"id":1423,"href":"https:\/\/svl-volleys.de\/index.php?rest_route=\/wp\/v2\/pages\/1368\/revisions\/1423"}],"wp:attachment":[{"href":"https:\/\/svl-volleys.de\/index.php?rest_route=%2Fwp%2Fv2%2Fmedia&parent=1368"}],"curies":[{"name":"wp","href":"https:\/\/api.w.org\/{rel}","templated":true}]}}